{"id":2179,"date":"2023-12-04T11:58:18","date_gmt":"2023-12-04T10:58:18","guid":{"rendered":"https:\/\/xaviersaiz.net\/estudio\/"},"modified":"2023-12-05T14:08:40","modified_gmt":"2023-12-05T13:08:40","slug":"estudio","status":"publish","type":"page","link":"https:\/\/xaviersaiz.net\/es\/estudio\/","title":{"rendered":"Estudio"},"content":{"rendered":"<p><div class=\"fusion-fullwidth fullwidth-box fusion-builder-row-1 fusion-flex-container has-pattern-background has-mask-background nonhundred-percent-fullwidth non-hundred-percent-height-scrolling\" style=\"--awb-border-radius-top-left:0px;--awb-border-radius-top-right:0px;--awb-border-radius-bottom-right:0px;--awb-border-radius-bottom-left:0px;--awb-padding-top:0px;--awb-margin-top:80px;--awb-flex-wrap:wrap;\" ><div class=\"fusion-builder-row fusion-row fusion-flex-align-items-flex-start fusion-flex-content-wrap\" style=\"max-width:83.2%;margin-left: calc(-4% \/ 2 );margin-right: calc(-4% \/ 2 );\"><div class=\"fusion-layout-column fusion_builder_column fusion-builder-column-0 fusion_builder_column_1_1 1_1 fusion-flex-column\" style=\"--awb-bg-size:cover;--awb-width-large:100%;--awb-margin-top-large:20px;--awb-spacing-right-large:1.92%;--awb-margin-bottom-large:20px;--awb-spacing-left-large:1.92%;--awb-width-medium:100%;--awb-order-medium:0;--awb-spacing-right-medium:1.92%;--awb-spacing-left-medium:1.92%;--awb-width-small:100%;--awb-order-small:0;--awb-spacing-right-small:1.92%;--awb-spacing-left-small:1.92%;\"><div class=\"fusion-column-wrapper fusion-column-has-shadow fusion-flex-justify-content-flex-start fusion-content-layout-column\"><\/div><\/div><\/div><\/div><div class=\"fusion-fullwidth fullwidth-box fusion-builder-row-2 fusion-flex-container has-pattern-background has-mask-background nonhundred-percent-fullwidth non-hundred-percent-height-scrolling\" style=\"--link_color: var(--awb-color4);--awb-border-radius-top-left:0px;--awb-border-radius-top-right:0px;--awb-border-radius-bottom-right:0px;--awb-border-radius-bottom-left:0px;--awb-padding-bottom:60px;--awb-margin-bottom:0px;--awb-background-color:var(--awb-color2);--awb-flex-wrap:wrap;\" ><div class=\"fusion-builder-row fusion-row fusion-flex-align-items-flex-start fusion-flex-content-wrap\" style=\"max-width:83.2%;margin-left: calc(-4% \/ 2 );margin-right: calc(-4% \/ 2 );\"><div class=\"fusion-layout-column fusion_builder_column fusion-builder-column-1 fusion_builder_column_1_1 1_1 fusion-flex-column\" style=\"--awb-bg-size:cover;--awb-width-large:100%;--awb-margin-top-large:20px;--awb-spacing-right-large:1.92%;--awb-margin-bottom-large:20px;--awb-spacing-left-large:1.92%;--awb-width-medium:100%;--awb-order-medium:0;--awb-spacing-right-medium:1.92%;--awb-spacing-left-medium:1.92%;--awb-width-small:100%;--awb-order-small:0;--awb-spacing-right-small:1.92%;--awb-spacing-left-small:1.92%;\"><div class=\"fusion-column-wrapper fusion-column-has-shadow fusion-flex-justify-content-flex-start fusion-content-layout-column\"><div class=\"fusion-image-element \" style=\"--awb-margin-top:-100px;--awb-caption-title-font-family:var(--h2_typography-font-family);--awb-caption-title-font-weight:var(--h2_typography-font-weight);--awb-caption-title-font-style:var(--h2_typography-font-style);--awb-caption-title-size:var(--h2_typography-font-size);--awb-caption-title-transform:var(--h2_typography-text-transform);--awb-caption-title-line-height:var(--h2_typography-line-height);--awb-caption-title-letter-spacing:var(--h2_typography-letter-spacing);\"><span class=\" fusion-imageframe imageframe-none imageframe-1 hover-type-none\"><img decoding=\"async\" width=\"1170\" height=\"500\" title=\"xavier-saiz-estudi\" src=\"https:\/\/xaviersaiz.net\/wp-content\/uploads\/2023\/12\/xavier-saiz-estudi.jpg\" data-orig-src=\"https:\/\/xaviersaiz.net\/wp-content\/uploads\/2023\/12\/xavier-saiz-estudi.jpg\" alt class=\"lazyload img-responsive wp-image-2003\" srcset=\"data:image\/svg+xml,%3Csvg%20xmlns%3D%27http%3A%2F%2Fwww.w3.org%2F2000%2Fsvg%27%20width%3D%271170%27%20height%3D%27500%27%20viewBox%3D%270%200%201170%20500%27%3E%3Crect%20width%3D%271170%27%20height%3D%27500%27%20fill-opacity%3D%220%22%2F%3E%3C%2Fsvg%3E\" data-srcset=\"https:\/\/xaviersaiz.net\/wp-content\/uploads\/2023\/12\/xavier-saiz-estudi-200x85.jpg 200w, https:\/\/xaviersaiz.net\/wp-content\/uploads\/2023\/12\/xavier-saiz-estudi-400x171.jpg 400w, https:\/\/xaviersaiz.net\/wp-content\/uploads\/2023\/12\/xavier-saiz-estudi-600x256.jpg 600w, https:\/\/xaviersaiz.net\/wp-content\/uploads\/2023\/12\/xavier-saiz-estudi-800x342.jpg 800w, https:\/\/xaviersaiz.net\/wp-content\/uploads\/2023\/12\/xavier-saiz-estudi.jpg 1170w\" data-sizes=\"auto\" data-orig-sizes=\"(max-width: 1024px) 100vw, (max-width: 640px) 100vw, 1170px\" \/><\/span><\/div><div class=\"fusion-text fusion-text-1\" style=\"--awb-margin-top:50px;\"><p>Xavier S\u00e1iz nace en Lleida en 1970. Se dedica de forma profesional al mundo del dise\u00f1o de interiores desde el a\u00f1o 1992 repartiendo su trabajo entre Barcelona y Lleida, y es en 1999 que crea su propio estudio-show room, que tiene como actividades principales, la creaci\u00f3n y ejecuci\u00f3n de proyectos globales de interiorismo y venta de mobiliario.<\/p>\n<p>Su filosof\u00eda de trabajo se basa en dar la m\u00e1xima calidad a sus proyectos de interiores y materiales empleados, imprimiendo un estilo contempor\u00e1neo y atemporal, con unos rasgos que siguen las tendencias m\u00e1s actuales, aunque trabaja cualquier estilo, ya sea cl\u00e1sico, moderno, r\u00fastico o bien su &nbsp;combinaci\u00f3n.<\/p>\n<p>En sus dise\u00f1os, ya sea en muebles o en espacios interiores o exteriores,&nbsp;predominan las l\u00edneas sencillas, una composici\u00f3n equilibrada, el orden y la armon\u00eda de todo el conjunto. Su lucha pasa por hacer llegar el dise\u00f1o de interiores a todo el mundo, en un intento de desmitificar el t\u00f3pico de que el interiorismo y la decoraci\u00f3n son sin\u00f3nimo de lujo o exclusividad y s\u00f3lo apto para grandes presupuestos y espacios de alto standing.<\/p>\n<\/div><div class=\"fusion-title title fusion-title-1 fusion-sep-none fusion-title-center fusion-title-text fusion-title-size-two\" style=\"--awb-margin-top:40px;--awb-font-size:25px;\"><h2 class=\"fusion-title-heading title-heading-center fusion-responsive-typography-calculated\" style=\"margin:0;font-size:1em;text-transform:uppercase;--fontSize:25;--minFontSize:25;line-height:1.28;\"><p>Nuestra tienda<\/p>\n<p>&nbsp;<\/p><\/h2><\/div><div class=\"awb-gallery-wrapper awb-gallery-wrapper-1 button-span-no\" style=\"--more-btn-alignment:center;margin-top:0px;\" data-limit=\"10\" data-page=\"1\"><div style=\"margin:-18px;--awb-aspect-ratio:1 \/ 1;--awb-bordersize:0px;\" class=\"fusion-gallery fusion-gallery-container fusion-grid-4 fusion-columns-total-8 fusion-gallery-layout-grid fusion-gallery-1 has-aspect-ratio\"><div style=\"padding:18px;\" class=\"fusion-grid-column fusion-gallery-column fusion-gallery-column-4 hover-type-zoomout\"><div class=\"fusion-gallery-image\"><a href=\"https:\/\/xaviersaiz.net\/wp-content\/uploads\/2023\/12\/home-gallery_img-full09.jpg\" data-title=\"home-gallery_img-full09\" title=\"home-gallery_img-full09\" rel=\"noreferrer\" data-rel=\"iLightbox[gallery_image_1]\" class=\"fusion-lightbox\" target=\"_self\"><img decoding=\"async\" src=\"https:\/\/xaviersaiz.net\/wp-content\/uploads\/2023\/12\/home-gallery_img-full09.jpg\" data-orig-src=\"https:\/\/xaviersaiz.net\/wp-content\/uploads\/2023\/12\/home-gallery_img-full09.jpg\" width=\"370\" height=\"360\" alt=\"\" title=\"home-gallery_img-full09\" aria-label=\"home-gallery_img-full09\" class=\"lazyload img-responsive wp-image-1801\" srcset=\"data:image\/svg+xml,%3Csvg%20xmlns%3D%27http%3A%2F%2Fwww.w3.org%2F2000%2Fsvg%27%20width%3D%27370%27%20height%3D%27360%27%20viewBox%3D%270%200%20370%20360%27%3E%3Crect%20width%3D%27370%27%20height%3D%27360%27%20fill-opacity%3D%220%22%2F%3E%3C%2Fsvg%3E\" data-srcset=\"https:\/\/xaviersaiz.net\/wp-content\/uploads\/2023\/12\/home-gallery_img-full09-200x195.jpg 200w, https:\/\/xaviersaiz.net\/wp-content\/uploads\/2023\/12\/home-gallery_img-full09.jpg 370w\" data-sizes=\"auto\" data-orig-sizes=\"(min-width: 2200px) 100vw, (min-width: 892px) 371px, (min-width: 808px) 494px, (min-width: 724px) 808px, (min-width: 640px) 724px, \" \/><\/a><\/div><\/div><div style=\"padding:18px;\" class=\"fusion-grid-column fusion-gallery-column fusion-gallery-column-4 hover-type-zoomout\"><div class=\"fusion-gallery-image\"><a href=\"https:\/\/xaviersaiz.net\/wp-content\/uploads\/2023\/12\/home-gallery_img-full08.jpg\" data-title=\"home-gallery_img-full08\" title=\"home-gallery_img-full08\" rel=\"noreferrer\" data-rel=\"iLightbox[gallery_image_1]\" class=\"fusion-lightbox\" target=\"_self\"><img decoding=\"async\" src=\"https:\/\/xaviersaiz.net\/wp-content\/uploads\/2023\/12\/home-gallery_img-full08.jpg\" data-orig-src=\"https:\/\/xaviersaiz.net\/wp-content\/uploads\/2023\/12\/home-gallery_img-full08.jpg\" width=\"1170\" height=\"781\" alt=\"\" title=\"home-gallery_img-full08\" aria-label=\"home-gallery_img-full08\" class=\"lazyload img-responsive wp-image-1800\" srcset=\"data:image\/svg+xml,%3Csvg%20xmlns%3D%27http%3A%2F%2Fwww.w3.org%2F2000%2Fsvg%27%20width%3D%271170%27%20height%3D%27781%27%20viewBox%3D%270%200%201170%20781%27%3E%3Crect%20width%3D%271170%27%20height%3D%27781%27%20fill-opacity%3D%220%22%2F%3E%3C%2Fsvg%3E\" data-srcset=\"https:\/\/xaviersaiz.net\/wp-content\/uploads\/2023\/12\/home-gallery_img-full08-200x134.jpg 200w, https:\/\/xaviersaiz.net\/wp-content\/uploads\/2023\/12\/home-gallery_img-full08-400x267.jpg 400w, https:\/\/xaviersaiz.net\/wp-content\/uploads\/2023\/12\/home-gallery_img-full08-600x401.jpg 600w, https:\/\/xaviersaiz.net\/wp-content\/uploads\/2023\/12\/home-gallery_img-full08-800x534.jpg 800w, https:\/\/xaviersaiz.net\/wp-content\/uploads\/2023\/12\/home-gallery_img-full08.jpg 1170w\" data-sizes=\"auto\" data-orig-sizes=\"(min-width: 2200px) 100vw, (min-width: 892px) 371px, (min-width: 808px) 494px, (min-width: 724px) 808px, (min-width: 640px) 724px, \" \/><\/a><\/div><\/div><div style=\"padding:18px;\" class=\"fusion-grid-column fusion-gallery-column fusion-gallery-column-4 hover-type-zoomout\"><div class=\"fusion-gallery-image\"><a href=\"https:\/\/xaviersaiz.net\/wp-content\/uploads\/2023\/12\/home-gallery_img-full07.jpg\" data-title=\"home-gallery_img-full07\" title=\"home-gallery_img-full07\" rel=\"noreferrer\" data-rel=\"iLightbox[gallery_image_1]\" class=\"fusion-lightbox\" target=\"_self\"><img decoding=\"async\" src=\"https:\/\/xaviersaiz.net\/wp-content\/uploads\/2023\/12\/home-gallery_img-full07.jpg\" data-orig-src=\"https:\/\/xaviersaiz.net\/wp-content\/uploads\/2023\/12\/home-gallery_img-full07.jpg\" width=\"1170\" height=\"1170\" alt=\"\" title=\"home-gallery_img-full07\" aria-label=\"home-gallery_img-full07\" class=\"lazyload img-responsive wp-image-1799\" srcset=\"data:image\/svg+xml,%3Csvg%20xmlns%3D%27http%3A%2F%2Fwww.w3.org%2F2000%2Fsvg%27%20width%3D%271170%27%20height%3D%271170%27%20viewBox%3D%270%200%201170%201170%27%3E%3Crect%20width%3D%271170%27%20height%3D%271170%27%20fill-opacity%3D%220%22%2F%3E%3C%2Fsvg%3E\" data-srcset=\"https:\/\/xaviersaiz.net\/wp-content\/uploads\/2023\/12\/home-gallery_img-full07-200x200.jpg 200w, https:\/\/xaviersaiz.net\/wp-content\/uploads\/2023\/12\/home-gallery_img-full07-400x400.jpg 400w, https:\/\/xaviersaiz.net\/wp-content\/uploads\/2023\/12\/home-gallery_img-full07-600x600.jpg 600w, https:\/\/xaviersaiz.net\/wp-content\/uploads\/2023\/12\/home-gallery_img-full07-800x800.jpg 800w, https:\/\/xaviersaiz.net\/wp-content\/uploads\/2023\/12\/home-gallery_img-full07.jpg 1170w\" data-sizes=\"auto\" data-orig-sizes=\"(min-width: 2200px) 100vw, (min-width: 892px) 371px, (min-width: 808px) 494px, (min-width: 724px) 808px, (min-width: 640px) 724px, \" \/><\/a><\/div><\/div><div style=\"padding:18px;\" class=\"fusion-grid-column fusion-gallery-column fusion-gallery-column-4 hover-type-zoomout\"><div class=\"fusion-gallery-image\"><a href=\"https:\/\/xaviersaiz.net\/wp-content\/uploads\/2023\/12\/home-gallery_img-full06.jpg\" data-title=\"home-gallery_img-full06\" title=\"home-gallery_img-full06\" rel=\"noreferrer\" data-rel=\"iLightbox[gallery_image_1]\" class=\"fusion-lightbox\" target=\"_self\"><img decoding=\"async\" src=\"https:\/\/xaviersaiz.net\/wp-content\/uploads\/2023\/12\/home-gallery_img-full06.jpg\" data-orig-src=\"https:\/\/xaviersaiz.net\/wp-content\/uploads\/2023\/12\/home-gallery_img-full06.jpg\" width=\"1170\" height=\"780\" alt=\"\" title=\"home-gallery_img-full06\" aria-label=\"home-gallery_img-full06\" class=\"lazyload img-responsive wp-image-1798\" srcset=\"data:image\/svg+xml,%3Csvg%20xmlns%3D%27http%3A%2F%2Fwww.w3.org%2F2000%2Fsvg%27%20width%3D%271170%27%20height%3D%27780%27%20viewBox%3D%270%200%201170%20780%27%3E%3Crect%20width%3D%271170%27%20height%3D%27780%27%20fill-opacity%3D%220%22%2F%3E%3C%2Fsvg%3E\" data-srcset=\"https:\/\/xaviersaiz.net\/wp-content\/uploads\/2023\/12\/home-gallery_img-full06-200x133.jpg 200w, https:\/\/xaviersaiz.net\/wp-content\/uploads\/2023\/12\/home-gallery_img-full06-400x267.jpg 400w, https:\/\/xaviersaiz.net\/wp-content\/uploads\/2023\/12\/home-gallery_img-full06-600x400.jpg 600w, https:\/\/xaviersaiz.net\/wp-content\/uploads\/2023\/12\/home-gallery_img-full06-800x533.jpg 800w, https:\/\/xaviersaiz.net\/wp-content\/uploads\/2023\/12\/home-gallery_img-full06.jpg 1170w\" data-sizes=\"auto\" data-orig-sizes=\"(min-width: 2200px) 100vw, (min-width: 892px) 371px, (min-width: 808px) 494px, (min-width: 724px) 808px, (min-width: 640px) 724px, \" \/><\/a><\/div><\/div><div class=\"clearfix\"><\/div><div style=\"padding:18px;\" class=\"fusion-grid-column fusion-gallery-column fusion-gallery-column-4 hover-type-zoomout\"><div class=\"fusion-gallery-image\"><a href=\"https:\/\/xaviersaiz.net\/wp-content\/uploads\/2023\/12\/home-gallery_img-full05.jpg\" data-title=\"home-gallery_img-full05\" title=\"home-gallery_img-full05\" rel=\"noreferrer\" data-rel=\"iLightbox[gallery_image_1]\" class=\"fusion-lightbox\" target=\"_self\"><img decoding=\"async\" src=\"https:\/\/xaviersaiz.net\/wp-content\/uploads\/2023\/12\/home-gallery_img-full05.jpg\" data-orig-src=\"https:\/\/xaviersaiz.net\/wp-content\/uploads\/2023\/12\/home-gallery_img-full05.jpg\" width=\"1170\" height=\"714\" alt=\"\" title=\"home-gallery_img-full05\" aria-label=\"home-gallery_img-full05\" class=\"lazyload img-responsive wp-image-1797\" srcset=\"data:image\/svg+xml,%3Csvg%20xmlns%3D%27http%3A%2F%2Fwww.w3.org%2F2000%2Fsvg%27%20width%3D%271170%27%20height%3D%27714%27%20viewBox%3D%270%200%201170%20714%27%3E%3Crect%20width%3D%271170%27%20height%3D%27714%27%20fill-opacity%3D%220%22%2F%3E%3C%2Fsvg%3E\" data-srcset=\"https:\/\/xaviersaiz.net\/wp-content\/uploads\/2023\/12\/home-gallery_img-full05-200x122.jpg 200w, https:\/\/xaviersaiz.net\/wp-content\/uploads\/2023\/12\/home-gallery_img-full05-400x244.jpg 400w, https:\/\/xaviersaiz.net\/wp-content\/uploads\/2023\/12\/home-gallery_img-full05-600x366.jpg 600w, https:\/\/xaviersaiz.net\/wp-content\/uploads\/2023\/12\/home-gallery_img-full05-800x488.jpg 800w, https:\/\/xaviersaiz.net\/wp-content\/uploads\/2023\/12\/home-gallery_img-full05.jpg 1170w\" data-sizes=\"auto\" data-orig-sizes=\"(min-width: 2200px) 100vw, (min-width: 892px) 371px, (min-width: 808px) 494px, (min-width: 724px) 808px, (min-width: 640px) 724px, \" \/><\/a><\/div><\/div><div style=\"padding:18px;\" class=\"fusion-grid-column fusion-gallery-column fusion-gallery-column-4 hover-type-zoomout\"><div class=\"fusion-gallery-image\"><a href=\"https:\/\/xaviersaiz.net\/wp-content\/uploads\/2023\/12\/home-gallery_img-full04.jpg\" data-title=\"home-gallery_img-full04\" title=\"home-gallery_img-full04\" rel=\"noreferrer\" data-rel=\"iLightbox[gallery_image_1]\" class=\"fusion-lightbox\" target=\"_self\"><img decoding=\"async\" src=\"https:\/\/xaviersaiz.net\/wp-content\/uploads\/2023\/12\/home-gallery_img-full04.jpg\" data-orig-src=\"https:\/\/xaviersaiz.net\/wp-content\/uploads\/2023\/12\/home-gallery_img-full04.jpg\" width=\"1170\" height=\"878\" alt=\"\" title=\"home-gallery_img-full04\" aria-label=\"home-gallery_img-full04\" class=\"lazyload img-responsive wp-image-1796\" srcset=\"data:image\/svg+xml,%3Csvg%20xmlns%3D%27http%3A%2F%2Fwww.w3.org%2F2000%2Fsvg%27%20width%3D%271170%27%20height%3D%27878%27%20viewBox%3D%270%200%201170%20878%27%3E%3Crect%20width%3D%271170%27%20height%3D%27878%27%20fill-opacity%3D%220%22%2F%3E%3C%2Fsvg%3E\" data-srcset=\"https:\/\/xaviersaiz.net\/wp-content\/uploads\/2023\/12\/home-gallery_img-full04-200x150.jpg 200w, https:\/\/xaviersaiz.net\/wp-content\/uploads\/2023\/12\/home-gallery_img-full04-400x300.jpg 400w, https:\/\/xaviersaiz.net\/wp-content\/uploads\/2023\/12\/home-gallery_img-full04-600x450.jpg 600w, https:\/\/xaviersaiz.net\/wp-content\/uploads\/2023\/12\/home-gallery_img-full04-800x600.jpg 800w, https:\/\/xaviersaiz.net\/wp-content\/uploads\/2023\/12\/home-gallery_img-full04.jpg 1170w\" data-sizes=\"auto\" data-orig-sizes=\"(min-width: 2200px) 100vw, (min-width: 892px) 371px, (min-width: 808px) 494px, (min-width: 724px) 808px, (min-width: 640px) 724px, \" \/><\/a><\/div><\/div><div style=\"padding:18px;\" class=\"fusion-grid-column fusion-gallery-column fusion-gallery-column-4 hover-type-zoomout\"><div class=\"fusion-gallery-image\"><a href=\"https:\/\/xaviersaiz.net\/wp-content\/uploads\/2023\/12\/home-gallery_img-full03.jpg\" data-title=\"home-gallery_img-full03\" title=\"home-gallery_img-full03\" rel=\"noreferrer\" data-rel=\"iLightbox[gallery_image_1]\" class=\"fusion-lightbox\" target=\"_self\"><img decoding=\"async\" src=\"https:\/\/xaviersaiz.net\/wp-content\/uploads\/2023\/12\/home-gallery_img-full03.jpg\" data-orig-src=\"https:\/\/xaviersaiz.net\/wp-content\/uploads\/2023\/12\/home-gallery_img-full03.jpg\" width=\"1170\" height=\"780\" alt=\"\" title=\"home-gallery_img-full03\" aria-label=\"home-gallery_img-full03\" class=\"lazyload img-responsive wp-image-1795\" srcset=\"data:image\/svg+xml,%3Csvg%20xmlns%3D%27http%3A%2F%2Fwww.w3.org%2F2000%2Fsvg%27%20width%3D%271170%27%20height%3D%27780%27%20viewBox%3D%270%200%201170%20780%27%3E%3Crect%20width%3D%271170%27%20height%3D%27780%27%20fill-opacity%3D%220%22%2F%3E%3C%2Fsvg%3E\" data-srcset=\"https:\/\/xaviersaiz.net\/wp-content\/uploads\/2023\/12\/home-gallery_img-full03-200x133.jpg 200w, https:\/\/xaviersaiz.net\/wp-content\/uploads\/2023\/12\/home-gallery_img-full03-400x267.jpg 400w, https:\/\/xaviersaiz.net\/wp-content\/uploads\/2023\/12\/home-gallery_img-full03-600x400.jpg 600w, https:\/\/xaviersaiz.net\/wp-content\/uploads\/2023\/12\/home-gallery_img-full03-800x533.jpg 800w, https:\/\/xaviersaiz.net\/wp-content\/uploads\/2023\/12\/home-gallery_img-full03.jpg 1170w\" data-sizes=\"auto\" data-orig-sizes=\"(min-width: 2200px) 100vw, (min-width: 892px) 371px, (min-width: 808px) 494px, (min-width: 724px) 808px, (min-width: 640px) 724px, \" \/><\/a><\/div><\/div><div style=\"padding:18px;\" class=\"fusion-grid-column fusion-gallery-column fusion-gallery-column-4 hover-type-zoomout\"><div class=\"fusion-gallery-image\"><a href=\"https:\/\/xaviersaiz.net\/wp-content\/uploads\/2023\/12\/home-gallery_img-full02.jpg\" data-title=\"home-gallery_img-full02\" title=\"home-gallery_img-full02\" rel=\"noreferrer\" data-rel=\"iLightbox[gallery_image_1]\" class=\"fusion-lightbox\" target=\"_self\"><img decoding=\"async\" src=\"https:\/\/xaviersaiz.net\/wp-content\/uploads\/2023\/12\/home-gallery_img-full02.jpg\" data-orig-src=\"https:\/\/xaviersaiz.net\/wp-content\/uploads\/2023\/12\/home-gallery_img-full02.jpg\" width=\"1170\" height=\"878\" alt=\"\" title=\"home-gallery_img-full02\" aria-label=\"home-gallery_img-full02\" class=\"lazyload img-responsive wp-image-1794\" srcset=\"data:image\/svg+xml,%3Csvg%20xmlns%3D%27http%3A%2F%2Fwww.w3.org%2F2000%2Fsvg%27%20width%3D%271170%27%20height%3D%27878%27%20viewBox%3D%270%200%201170%20878%27%3E%3Crect%20width%3D%271170%27%20height%3D%27878%27%20fill-opacity%3D%220%22%2F%3E%3C%2Fsvg%3E\" data-srcset=\"https:\/\/xaviersaiz.net\/wp-content\/uploads\/2023\/12\/home-gallery_img-full02-200x150.jpg 200w, https:\/\/xaviersaiz.net\/wp-content\/uploads\/2023\/12\/home-gallery_img-full02-400x300.jpg 400w, https:\/\/xaviersaiz.net\/wp-content\/uploads\/2023\/12\/home-gallery_img-full02-600x450.jpg 600w, https:\/\/xaviersaiz.net\/wp-content\/uploads\/2023\/12\/home-gallery_img-full02-800x600.jpg 800w, https:\/\/xaviersaiz.net\/wp-content\/uploads\/2023\/12\/home-gallery_img-full02.jpg 1170w\" data-sizes=\"auto\" data-orig-sizes=\"(min-width: 2200px) 100vw, (min-width: 892px) 371px, (min-width: 808px) 494px, (min-width: 724px) 808px, (min-width: 640px) 724px, \" \/><\/a><\/div><\/div><div class=\"clearfix\"><\/div><\/div><\/div><\/div><\/div><\/div><\/div><\/p>\n","protected":false},"excerpt":{"rendered":"","protected":false},"author":1,"featured_media":0,"parent":0,"menu_order":0,"comment_status":"closed","ping_status":"closed","template":"100-width.php","meta":{"footnotes":""},"class_list":["post-2179","page","type-page","status-publish","hentry"],"yoast_head":"<!-- This site is optimized with the Yoast SEO plugin v20.11 - https:\/\/yoast.com\/wordpress\/plugins\/seo\/ -->\n<title>Estudio - Xavier Saiz<\/title>\n<meta name=\"robots\" content=\"noindex, follow, max-snippet:-1, max-image-preview:large, max-video-preview:-1\" \/>\n<meta property=\"og:locale\" content=\"es_ES\" \/>\n<meta property=\"og:type\" content=\"article\" \/>\n<meta property=\"og:title\" content=\"Estudio - Xavier Saiz\" \/>\n<meta property=\"og:url\" content=\"https:\/\/xaviersaiz.net\/estudi\/\" \/>\n<meta property=\"og:site_name\" content=\"Xavier Saiz\" \/>\n<meta property=\"article:modified_time\" content=\"2023-12-05T13:08:40+00:00\" \/>\n<meta name=\"twitter:card\" content=\"summary_large_image\" \/>\n<meta name=\"twitter:label1\" content=\"Tiempo de lectura\" \/>\n\t<meta name=\"twitter:data1\" content=\"8 minutos\" \/>\n<script type=\"application\/ld+json\" class=\"yoast-schema-graph\">{\"@context\":\"https:\/\/schema.org\",\"@graph\":[{\"@type\":\"WebPage\",\"@id\":\"https:\/\/xaviersaiz.net\/estudi\/\",\"url\":\"https:\/\/xaviersaiz.net\/estudi\/\",\"name\":\"Estudio - Xavier Saiz\",\"isPartOf\":{\"@id\":\"https:\/\/xaviersaiz.net\/#website\"},\"datePublished\":\"2023-12-04T10:58:18+00:00\",\"dateModified\":\"2023-12-05T13:08:40+00:00\",\"breadcrumb\":{\"@id\":\"https:\/\/xaviersaiz.net\/estudi\/#breadcrumb\"},\"inLanguage\":\"es\",\"potentialAction\":[{\"@type\":\"ReadAction\",\"target\":[\"https:\/\/xaviersaiz.net\/estudi\/\"]}]},{\"@type\":\"BreadcrumbList\",\"@id\":\"https:\/\/xaviersaiz.net\/estudi\/#breadcrumb\",\"itemListElement\":[{\"@type\":\"ListItem\",\"position\":1,\"name\":\"Inici\",\"item\":\"https:\/\/xaviersaiz.net\/\"},{\"@type\":\"ListItem\",\"position\":2,\"name\":\"Estudio\"}]},{\"@type\":\"WebSite\",\"@id\":\"https:\/\/xaviersaiz.net\/#website\",\"url\":\"https:\/\/xaviersaiz.net\/\",\"name\":\"Xavier Saiz\",\"description\":\"Estudi d&#039;interiors\",\"potentialAction\":[{\"@type\":\"SearchAction\",\"target\":{\"@type\":\"EntryPoint\",\"urlTemplate\":\"https:\/\/xaviersaiz.net\/?s={search_term_string}\"},\"query-input\":\"required name=search_term_string\"}],\"inLanguage\":\"es\"}]}<\/script>\n<!-- \/ Yoast SEO plugin. -->","yoast_head_json":{"title":"Estudio - Xavier Saiz","robots":{"index":"noindex","follow":"follow","max-snippet":"max-snippet:-1","max-image-preview":"max-image-preview:large","max-video-preview":"max-video-preview:-1"},"og_locale":"es_ES","og_type":"article","og_title":"Estudio - Xavier Saiz","og_url":"https:\/\/xaviersaiz.net\/estudi\/","og_site_name":"Xavier Saiz","article_modified_time":"2023-12-05T13:08:40+00:00","twitter_card":"summary_large_image","twitter_misc":{"Tiempo de lectura":"8 minutos"},"schema":{"@context":"https:\/\/schema.org","@graph":[{"@type":"WebPage","@id":"https:\/\/xaviersaiz.net\/estudi\/","url":"https:\/\/xaviersaiz.net\/estudi\/","name":"Estudio - Xavier Saiz","isPartOf":{"@id":"https:\/\/xaviersaiz.net\/#website"},"datePublished":"2023-12-04T10:58:18+00:00","dateModified":"2023-12-05T13:08:40+00:00","breadcrumb":{"@id":"https:\/\/xaviersaiz.net\/estudi\/#breadcrumb"},"inLanguage":"es","potentialAction":[{"@type":"ReadAction","target":["https:\/\/xaviersaiz.net\/estudi\/"]}]},{"@type":"BreadcrumbList","@id":"https:\/\/xaviersaiz.net\/estudi\/#breadcrumb","itemListElement":[{"@type":"ListItem","position":1,"name":"Inici","item":"https:\/\/xaviersaiz.net\/"},{"@type":"ListItem","position":2,"name":"Estudio"}]},{"@type":"WebSite","@id":"https:\/\/xaviersaiz.net\/#website","url":"https:\/\/xaviersaiz.net\/","name":"Xavier Saiz","description":"Estudi d&#039;interiors","potentialAction":[{"@type":"SearchAction","target":{"@type":"EntryPoint","urlTemplate":"https:\/\/xaviersaiz.net\/?s={search_term_string}"},"query-input":"required name=search_term_string"}],"inLanguage":"es"}]}},"_links":{"self":[{"href":"https:\/\/xaviersaiz.net\/es\/wp-json\/wp\/v2\/pages\/2179","targetHints":{"allow":["GET"]}}],"collection":[{"href":"https:\/\/xaviersaiz.net\/es\/wp-json\/wp\/v2\/pages"}],"about":[{"href":"https:\/\/xaviersaiz.net\/es\/wp-json\/wp\/v2\/types\/page"}],"author":[{"embeddable":true,"href":"https:\/\/xaviersaiz.net\/es\/wp-json\/wp\/v2\/users\/1"}],"replies":[{"embeddable":true,"href":"https:\/\/xaviersaiz.net\/es\/wp-json\/wp\/v2\/comments?post=2179"}],"version-history":[{"count":2,"href":"https:\/\/xaviersaiz.net\/es\/wp-json\/wp\/v2\/pages\/2179\/revisions"}],"predecessor-version":[{"id":2181,"href":"https:\/\/xaviersaiz.net\/es\/wp-json\/wp\/v2\/pages\/2179\/revisions\/2181"}],"wp:attachment":[{"href":"https:\/\/xaviersaiz.net\/es\/wp-json\/wp\/v2\/media?parent=2179"}],"curies":[{"name":"wp","href":"https:\/\/api.w.org\/{rel}","templated":true}]}}